{"id":1171,"date":"2021-07-08T17:16:40","date_gmt":"2021-07-08T15:16:40","guid":{"rendered":"http:\/\/2020.designmadeinfrankfurt.de\/privacy-policy\/"},"modified":"2021-07-22T20:36:34","modified_gmt":"2021-07-22T18:36:34","slug":"privacy-policy","status":"publish","type":"page","link":"https:\/\/menti-glt.com\/de\/privacy-policy\/","title":{"rendered":"Privacy Policy"},"content":{"rendered":"<p>[vc_row][vc_column][vc_column_text]<\/p>\n<div id=\"imGroup_2\">\n<div id=\"imGroup_4\">\n<div id=\"imCell_64\">\n<div id=\"imCellStyle_64\">\n<div id=\"imTableObject_35_64\">\n<div>\n<div id=\"imTableObject_35_64\">\n<h2>Mirella Menti<\/h2>\n<p>Email: mirellamenti@outlook.com<\/p>\n<p>Phone:<br \/>\nUS: \u00a0\u00a0\u00a0+ 1 \u00a0608 467 4815<br \/>\nDE: \u00a0+ 49 \u00a0(0)69 4167 4341<\/p>\n<p>&nbsp;<\/p>\n<h3>Mirella Menti<\/h3>\n<p>Menti &#8211; Global Leadership Transformation<br \/>\nWeism\u00fcllerstr. 45<br \/>\n60314 Frankfurt am Main<br \/>\nGermany<\/p>\n<p><strong>Registergericht:<\/strong><br \/>\nUmsatzsteueridentifikationsnummer: DE312673615<\/p>\n<p><strong>Berufs- und Betriebshaftpflichversicherung:<\/strong><br \/>\nVersicherer:<br \/>\nR+V Allgemeine Versicherung AG<br \/>\nRaiffeisenplatz 1<br \/>\n65189<br \/>\nWiesbadenGeltungsbereich:<br \/>\nWeltweit, in USA und Canada 10.000 Euro Selbstbeteiligung bei Personensch\u00e4den<\/p>\n<p><strong>Haftungsausschluss<\/strong><\/p>\n<p>Trotz sorgf\u00e4ltiger inhaltlicher Kontrolle \u00fcbernehmen wir keine Haftung f\u00fcr die Inhalte externer Links. F\u00fcr den Inhalt der verlinkten Seiten sind ausschlie\u00dflich deren Betreiber verantwortlich.<\/p>\n<p><strong>Datenschutz -Datenerhebung und -verwendung personenbezogener Daten<\/strong><\/p>\n<p>Unsere Webserver speichern tempor\u00e4r jeden Zugriff in einer Protokolldatei. Folgende Daten werden erfasst und bis zur automatisierten L\u00f6schung gespeichert: IP-Adresse des anfragenden Rechners, Datum und Uhrzeit des Zugriffs, Name und URL der abgerufenen Daten, \u00dcbertragene Datenmenge, Meldung, ob der Abruf erfolgreich war, Erkennungsdaten des verwendeten Browser- und Betriebssystems, Webseite, von der aus der Zugriff erfolgt sowie Name Ihres Internet-Zugangs-Providers.<\/p>\n<p>Die Verarbeitung dieser Daten erfolgt zum Zweck, die Nutzung der Webseite zu erm\u00f6glichen (Verbindungsaufbau), der Systemsicherheit sowie der technischen Administration der Netzinfrastruktur.<\/p>\n<p>Weiteren als die obenstehend aufgez\u00e4hlten personenbezogenen Daten werden nur erhoben, wenn Sie uns diese von sich aus mitteilen. Diese Daten werden in verschl\u00fcsselter Form \u00fcbertragen. Personenbezogene Daten werden ausschlie\u00dflich zur Bearbeitung Ihrer Anfragen genutzt. Ebenso erfolgt eine Weitergabe der Daten an Dritte ausschlie\u00dflich zu diesem Zweck. Eine sonstige Weitergabe oder ein Verkauf der personenbezogenen Daten findet nicht statt.<\/p>\n<h4>Verwendung von Cookies<\/h4>\n<p>In einigen Bereichen unserer Webseiten setzen wir sogenannte Cookies ein. Sie dienen dazu, unser Angebot nutzerfreundlicher zu machen. Cookies sind kleine Textdateien, die auf Ihrem Rechner abgelegt werden und die Ihr Browser speichert. Die meisten der von uns verwendeten Cookies sind so genannte \u201eSession-Cookies\u201c.<br \/>\nSie werden nach Ende Ihres Besuchs automatisch gel\u00f6scht. Sofern Sie \u00fcber den Einsatz von Cookies seitens Ihres Browsers informiert werden m\u00f6chten bzw. ihn ausschlie\u00dfen wollen, sollten Sie die entsprechenden Browser-Einstellungen aktivieren.\u201c<br \/>\nNutzung des Webanalysedienstes \u201eGoogle Analytics\u201c<br \/>\nDiese Website benutzt Google Analytics, einen Webanalysedienst der Google Inc. (\u201eGoogle\u201c). Google Analytics verwendet sog. \u201eCookies\u201c, Textdateien, die auf Ihrem Computer gespeichert werden und die eine Analyse der Benutzung der Website durch Sie erm\u00f6glichen. Die durch das Cookie erzeugten Informationen \u00fcber Ihre Benutzung dieser Website werden in der Regel an einen Server von Google in den USA \u00fcbertragen und dort gespeichert. Im Falle der Aktivierung der IP-Anonymisierung auf dieser Website, wird Ihre IP-Adresse von Google jedoch innerhalb von Mitgliedstaaten der Europ\u00e4ischen Union oder in anderen Vertragsstaaten des Abkommens \u00fcber den Europ\u00e4ischen Wirtschaftsraum zuvor gek\u00fcrzt. Nur in Ausnahmef\u00e4llen wird die volle IP-Adresse an einen Server von Google in den USA \u00fcbertragen und dort gek\u00fcrzt. Im Auftrag des Betreibers dieser Website wird Google diese Informationen benutzen, um Ihre Nutzung der Website auszuwerten, um Reports \u00fcber die Websiteaktivit\u00e4ten zusammenzustellen und um weitere mit der Websitenutzung und der Internetnutzung verbundene Dienstleistungen gegen\u00fcber dem Websitebetreiber zu erbringen. Die im Rahmen von Google Analytics von Ihrem Browser \u00fcbermittelte IP-Adresse wird nicht mit anderen Daten von Google zusammengef\u00fchrt. Sie k\u00f6nnen die Speicherung der Cookies durch eine entsprechende Einstellung Ihrer Browser-Software verhindern; wir weisen Sie jedoch darauf hin, dass Sie in diesem Fall gegebenenfalls nicht s\u00e4mtliche Funktionen dieser Website vollumf\u00e4nglich werden nutzen k\u00f6nnen. Sie k\u00f6nnen dar\u00fcber hinaus die Erfassung der durch das Cookie erzeugten und auf Ihre Nutzung der Website bezogenen Daten (inkl. Ihrer IP-Adresse) an Google sowie die Verarbeitung dieser Daten durch Google verhindern, indem Sie das unter dem folgenden Link (<a href=\"http:\/\/tools.google.com\/dlpage\/gaoptout?hl=de\" target=\"_blank\" rel=\"noopener\">http:\/\/tools.google.com\/dlpage\/gaoptout?hl=de<\/a>) verf\u00fcgbare Browser-Plugin herunterladen und installieren. Sie k\u00f6nnen die Erfassung durch Google Analytics verhindern, indem Sie auf folgenden Link klicken. Es wird ein Opt-Out-Cookie gesetzt, das die zuk\u00fcnftige Erfassung Ihrer Daten beim Besuch dieser Website verhindert: Google Analytics deaktivieren.<br \/>\nN\u00e4here Informationen zu Nutzungsbedingungen und Datenschutz finden Sie unter <a href=\"http:\/\/www.google.com\/analytics\/terms\/de.html\" target=\"_blank\" rel=\"noopener\">http:\/\/www.google.com\/analytics\/terms\/de.html<\/a> bzw. unter <a href=\"https:\/\/www.google.de\/intl\/de\/policies\/\" target=\"_blank\" rel=\"noopener\">https:\/\/www.google.de\/intl\/de\/policies\/<\/a> .Wir weisen Sie darauf hin, dass auf dieser Website Google Analytics um den Code \u201egat._anonymizeIp();\u201c erweitert wurde, um eine anonymisierte Erfassung von IP-Adressen (sog. IP-Masking) zu gew\u00e4hrleisten.<\/p>\n<p>Plattform der EU zur au\u00dfergerichtlichen Online-Streitbeilegung<br \/>\n<a href=\"http:\/\/ec.europa.eu\/consumers\/odr\/\">http:\/\/ec.europa.eu\/consumers\/odr\/<\/a><\/p>\n<p><strong>Translation<\/strong><\/p>\n<p>WPML uses cookies to identify the visitor\u2019s current language, the last visited language and the language of users who have logged in.<\/p>\n<p>While you use the plugin, WPML will share data regarding the site through Installer. No data from the user itself will be shared.<\/p>\n<p>&nbsp;<\/p>\n<\/div>\n<p><strong>Webfonts<\/strong><\/p>\n<p>For uniform representation of fonts, this page uses web fonts provided by Google. When you open a page, your browser loads the required web fonts into your browser cache to display texts and fonts correctly.<\/p>\n<p>For this purpose your browser has to establish a direct connection to Google servers. Google thus becomes aware that our web page was accessed via your IP address. The use of Google Web fonts is done in the interest of a uniform and attractive presentation of our plugin. This constitutes a justified interest pursuant to Art. 6 (1) (f) DSGVO.<\/p>\n<p>If your browser does not support web fonts, a standard font is used by your computer.<\/p>\n<p>Further information about handling user data, can be found at <a href=\"https:\/\/developers.google.com\/fonts\/faq\" target=\"_blank\" rel=\"noopener\">https:\/\/developers.google.com\/fonts\/faq<\/a> and in Google&#8217;s privacy policy at <a href=\"https:\/\/www.google.com\/policies\/privacy\/\" target=\"_blank\" rel=\"noopener\">https:\/\/www.google.com\/policies\/privacy\/<\/a>.<\/p>\n<\/div>\n<div>\n<div><\/div>\n<\/div>\n<\/div>\n<\/div>\n<\/div>\n<\/div>\n<\/div>\n<p>[\/vc_column_text][\/vc_column][\/vc_row]<\/p>\n","protected":false},"excerpt":{"rendered":"<p>[vc_row][vc_column][vc_column_text] Mirella Menti Email: mirellamenti@outlook.com Phone: US: \u00a0\u00a0\u00a0+ 1 \u00a0608 467 4815 DE: \u00a0+ 49 \u00a0(0)69 4167 4341 &nbsp; Mirella Menti Menti &#8211; Global Leadership Transformation Weism\u00fcllerstr. 45 60314 Frankfurt am Main Germany Registergericht: Umsatzsteueridentifikationsnummer: DE312673615 Berufs- und Betriebshaftpflichversicherung: Versicherer: R+V Allgemeine Versicherung AG Raiffeisenplatz 1 65189 WiesbadenGeltungsbereich: Weltweit, in USA und Canada 10.000 Euro&hellip;<\/p>\n","protected":false},"author":1,"featured_media":0,"parent":0,"menu_order":0,"comment_status":"closed","ping_status":"closed","template":"","meta":[],"yoast_head":"<!-- This site is optimized with the Yoast SEO plugin v16.7 - https:\/\/yoast.com\/wordpress\/plugins\/seo\/ -->\n<title>Privacy Policy - Mirella Menti<\/title>\n<meta name=\"robots\" content=\"noindex, follow, max-snippet:-1, max-image-preview:large, max-video-preview:-1\" \/>\n<meta property=\"og:locale\" content=\"de_DE\" \/>\n<meta property=\"og:type\" content=\"article\" \/>\n<meta property=\"og:title\" content=\"Privacy Policy - Mirella Menti\" \/>\n<meta property=\"og:description\" content=\"[vc_row][vc_column][vc_column_text] Mirella Menti Email: mirellamenti@outlook.com Phone: US: \u00a0\u00a0\u00a0+ 1 \u00a0608 467 4815 DE: \u00a0+ 49 \u00a0(0)69 4167 4341 &nbsp; Mirella Menti Menti &#8211; Global Leadership Transformation Weism\u00fcllerstr. 45 60314 Frankfurt am Main Germany Registergericht: Umsatzsteueridentifikationsnummer: DE312673615 Berufs- und Betriebshaftpflichversicherung: Versicherer: R+V Allgemeine Versicherung AG Raiffeisenplatz 1 65189 WiesbadenGeltungsbereich: Weltweit, in USA und Canada 10.000 Euro&hellip;\" \/>\n<meta property=\"og:url\" content=\"https:\/\/menti-glt.com\/de\/privacy-policy\/\" \/>\n<meta property=\"og:site_name\" content=\"Mirella Menti\" \/>\n<meta property=\"article:modified_time\" content=\"2021-07-22T18:36:34+00:00\" \/>\n<meta name=\"twitter:card\" content=\"summary_large_image\" \/>\n<meta name=\"twitter:label1\" content=\"Gesch\u00e4tzte Lesezeit\" \/>\n\t<meta name=\"twitter:data1\" content=\"4\u00a0Minuten\" \/>\n<script type=\"application\/ld+json\" class=\"yoast-schema-graph\">{\"@context\":\"https:\/\/schema.org\",\"@graph\":[{\"@type\":\"WebSite\",\"@id\":\"https:\/\/menti-glt.com\/de\/#website\",\"url\":\"https:\/\/menti-glt.com\/de\/\",\"name\":\"Mirella Menti\",\"description\":\"Level up global teams ans leaders\",\"potentialAction\":[{\"@type\":\"SearchAction\",\"target\":{\"@type\":\"EntryPoint\",\"urlTemplate\":\"https:\/\/menti-glt.com\/de\/?s={search_term_string}\"},\"query-input\":\"required name=search_term_string\"}],\"inLanguage\":\"de\"},{\"@type\":\"WebPage\",\"@id\":\"https:\/\/menti-glt.com\/de\/privacy-policy\/#webpage\",\"url\":\"https:\/\/menti-glt.com\/de\/privacy-policy\/\",\"name\":\"Privacy Policy - Mirella Menti\",\"isPartOf\":{\"@id\":\"https:\/\/menti-glt.com\/de\/#website\"},\"datePublished\":\"2021-07-08T15:16:40+00:00\",\"dateModified\":\"2021-07-22T18:36:34+00:00\",\"breadcrumb\":{\"@id\":\"https:\/\/menti-glt.com\/de\/privacy-policy\/#breadcrumb\"},\"inLanguage\":\"de\",\"potentialAction\":[{\"@type\":\"ReadAction\",\"target\":[\"https:\/\/menti-glt.com\/de\/privacy-policy\/\"]}]},{\"@type\":\"BreadcrumbList\",\"@id\":\"https:\/\/menti-glt.com\/de\/privacy-policy\/#breadcrumb\",\"itemListElement\":[{\"@type\":\"ListItem\",\"position\":1,\"name\":\"Home\",\"item\":\"https:\/\/menti-glt.com\/de\/\"},{\"@type\":\"ListItem\",\"position\":2,\"name\":\"Privacy Policy\"}]}]}<\/script>\n<!-- \/ Yoast SEO plugin. -->","yoast_head_json":{"title":"Privacy Policy - Mirella Menti","robots":{"index":"noindex","follow":"follow","max-snippet":"max-snippet:-1","max-image-preview":"max-image-preview:large","max-video-preview":"max-video-preview:-1"},"og_locale":"de_DE","og_type":"article","og_title":"Privacy Policy - Mirella Menti","og_description":"[vc_row][vc_column][vc_column_text] Mirella Menti Email: mirellamenti@outlook.com Phone: US: \u00a0\u00a0\u00a0+ 1 \u00a0608 467 4815 DE: \u00a0+ 49 \u00a0(0)69 4167 4341 &nbsp; Mirella Menti Menti &#8211; Global Leadership Transformation Weism\u00fcllerstr. 45 60314 Frankfurt am Main Germany Registergericht: Umsatzsteueridentifikationsnummer: DE312673615 Berufs- und Betriebshaftpflichversicherung: Versicherer: R+V Allgemeine Versicherung AG Raiffeisenplatz 1 65189 WiesbadenGeltungsbereich: Weltweit, in USA und Canada 10.000 Euro&hellip;","og_url":"https:\/\/menti-glt.com\/de\/privacy-policy\/","og_site_name":"Mirella Menti","article_modified_time":"2021-07-22T18:36:34+00:00","twitter_card":"summary_large_image","twitter_misc":{"Gesch\u00e4tzte Lesezeit":"4\u00a0Minuten"},"schema":{"@context":"https:\/\/schema.org","@graph":[{"@type":"WebSite","@id":"https:\/\/menti-glt.com\/de\/#website","url":"https:\/\/menti-glt.com\/de\/","name":"Mirella Menti","description":"Level up global teams ans leaders","potentialAction":[{"@type":"SearchAction","target":{"@type":"EntryPoint","urlTemplate":"https:\/\/menti-glt.com\/de\/?s={search_term_string}"},"query-input":"required name=search_term_string"}],"inLanguage":"de"},{"@type":"WebPage","@id":"https:\/\/menti-glt.com\/de\/privacy-policy\/#webpage","url":"https:\/\/menti-glt.com\/de\/privacy-policy\/","name":"Privacy Policy - Mirella Menti","isPartOf":{"@id":"https:\/\/menti-glt.com\/de\/#website"},"datePublished":"2021-07-08T15:16:40+00:00","dateModified":"2021-07-22T18:36:34+00:00","breadcrumb":{"@id":"https:\/\/menti-glt.com\/de\/privacy-policy\/#breadcrumb"},"inLanguage":"de","potentialAction":[{"@type":"ReadAction","target":["https:\/\/menti-glt.com\/de\/privacy-policy\/"]}]},{"@type":"BreadcrumbList","@id":"https:\/\/menti-glt.com\/de\/privacy-policy\/#breadcrumb","itemListElement":[{"@type":"ListItem","position":1,"name":"Home","item":"https:\/\/menti-glt.com\/de\/"},{"@type":"ListItem","position":2,"name":"Privacy Policy"}]}]}},"_links":{"self":[{"href":"https:\/\/menti-glt.com\/de\/wp-json\/wp\/v2\/pages\/1171"}],"collection":[{"href":"https:\/\/menti-glt.com\/de\/wp-json\/wp\/v2\/pages"}],"about":[{"href":"https:\/\/menti-glt.com\/de\/wp-json\/wp\/v2\/types\/page"}],"author":[{"embeddable":true,"href":"https:\/\/menti-glt.com\/de\/wp-json\/wp\/v2\/users\/1"}],"replies":[{"embeddable":true,"href":"https:\/\/menti-glt.com\/de\/wp-json\/wp\/v2\/comments?post=1171"}],"version-history":[{"count":4,"href":"https:\/\/menti-glt.com\/de\/wp-json\/wp\/v2\/pages\/1171\/revisions"}],"predecessor-version":[{"id":1177,"href":"https:\/\/menti-glt.com\/de\/wp-json\/wp\/v2\/pages\/1171\/revisions\/1177"}],"wp:attachment":[{"href":"https:\/\/menti-glt.com\/de\/wp-json\/wp\/v2\/media?parent=1171"}],"curies":[{"name":"wp","href":"https:\/\/api.w.org\/{rel}","templated":true}]}}