{"id":1119,"date":"2021-05-28T10:08:00","date_gmt":"2021-05-28T08:08:00","guid":{"rendered":"http:\/\/2020.designmadeinfrankfurt.de\/global-leadership-transformation\/"},"modified":"2021-07-19T11:56:50","modified_gmt":"2021-07-19T09:56:50","slug":"level-up-global-teams-and-leaders","status":"publish","type":"page","link":"https:\/\/menti-glt.com\/de\/level-up-global-teams-and-leaders\/","title":{"rendered":"Level up Global Teams and Leaders"},"content":{"rendered":"<p>[vc_row][vc_column][vc_column_text]<\/p>\n<div>\n<h2>Level up Global Teams and Leaders \u2013 jetzt und in Zukunft Erfolge sichern<\/h2>\n<\/div>\n<p>[\/vc_column_text][vc_column_text]Im heutigen komplexen Gesch\u00e4ftsumfeld, das gepr\u00e4gt ist von stetiger Ver\u00e4nderung, stehen Leader und Teams vor besonderen Herausforderungen. Global denken, wirtschaftliche Ziele erreichen, den Wettbewerbsvorteil sichern und die Organisation st\u00e4rken \u2013 all das sind Aspekte, die beachtet werden m\u00fcssen. Effektive und erfolgreiche Zusammenarbeit im internationalen Kontext beginnt immer mit der Awareness f\u00fcr die eigene Unternehmenskultur, die Werte, den Purpose.<\/p>\n<p><strong>Mit Sicherheit kennen Sie diese Herausforderungen aus Ihrem Alltag:<\/strong><\/p>\n<ul>\n<li>Jeder im Team ist nur auf seinen Bereich konzentriert und das Verst\u00e4ndnis f\u00fcr Einheit fehlt.<\/li>\n<li>Konflikte werden nicht konstruktiv gel\u00f6st und die Kommunikation gestaltet sich schwierig.<\/li>\n<li>Es fehlt an Strategie, kulturellem Gesp\u00fcr, effektiver Zusammenarbeit und dem richtigen Mindset.<\/li>\n<li>Es gibt kein eindeutig definiertes Konzept f\u00fcr die Gestaltung der Zukunft.<\/li>\n<\/ul>\n<p>[\/vc_column_text][vc_row_inner css=&#8220;.vc_custom_1623923794361{margin-top: 40px !important;}&#8220;][vc_column_inner width=&#8220;1\/2&#8243;][vc_single_image image=&#8220;1052&#8243; img_size=&#8220;large&#8220; css_animation=&#8220;fadeIn&#8220;][\/vc_column_inner][vc_column_inner width=&#8220;1\/2&#8243;][vc_column_text]<\/p>\n<h3><strong>Mein Ziel ist es, Organisationen, Teamleiter und Teams zu bef\u00e4higen, zukunftsf\u00e4hig zu werden.<\/strong><\/h3>\n<p>In meinen Coachings, Trainings und Workshops schaffen wir Awareness, definieren den Purpose des Unternehmens und schaffen Klarheit \u00fcber die verschiedenen Rollen und Verantwortlichkeiten, um alle im Team handlungsf\u00e4hig zu machen.[\/vc_column_text][vc_btn title=&#8220;Lassen Sie uns sprechen&#8220; style=&#8220;flat&#8220; shape=&#8220;square&#8220; link=&#8220;url:http%3A%2F%2Fhttp:\/\/menti-glt.com%2Fde%2Fcontact%2F|title:Contact&#8220;][\/vc_column_inner][\/vc_row_inner][\/vc_column][\/vc_row]<\/p>\n","protected":false},"excerpt":{"rendered":"<p>[vc_row][vc_column][vc_column_text] Level up Global Teams and Leaders \u2013 jetzt und in Zukunft Erfolge sichern [\/vc_column_text][vc_column_text]Im heutigen komplexen Gesch\u00e4ftsumfeld, das gepr\u00e4gt ist von stetiger Ver\u00e4nderung, stehen Leader und Teams vor besonderen Herausforderungen. Global denken, wirtschaftliche Ziele erreichen, den Wettbewerbsvorteil sichern und die Organisation st\u00e4rken \u2013 all das sind Aspekte, die beachtet werden m\u00fcssen. Effektive und erfolgreiche&hellip;<\/p>\n","protected":false},"author":1,"featured_media":0,"parent":0,"menu_order":0,"comment_status":"closed","ping_status":"closed","template":"","meta":[],"yoast_head":"<!-- This site is optimized with the Yoast SEO plugin v16.7 - https:\/\/yoast.com\/wordpress\/plugins\/seo\/ -->\n<title>Level up Global Teams and Leaders - Mirella Menti<\/title>\n<meta name=\"description\" content=\"Effective and successful collaboration in an international context always starts with awareness for the organisational culture, values and purpose.\" \/>\n<meta name=\"robots\" content=\"noindex, follow, max-snippet:-1, max-image-preview:large, max-video-preview:-1\" \/>\n<meta property=\"og:locale\" content=\"de_DE\" \/>\n<meta property=\"og:type\" content=\"article\" \/>\n<meta property=\"og:title\" content=\"Level up Global Teams and Leaders - Mirella Menti\" \/>\n<meta property=\"og:description\" content=\"Effective and successful collaboration in an international context always starts with awareness for the organisational culture, values and purpose.\" \/>\n<meta property=\"og:url\" content=\"https:\/\/menti-glt.com\/de\/level-up-global-teams-and-leaders\/\" \/>\n<meta property=\"og:site_name\" content=\"Mirella Menti\" \/>\n<meta property=\"article:modified_time\" content=\"2021-07-19T09:56:50+00:00\" \/>\n<meta name=\"twitter:card\" content=\"summary_large_image\" \/>\n<meta name=\"twitter:label1\" content=\"Gesch\u00e4tzte Lesezeit\" \/>\n\t<meta name=\"twitter:data1\" content=\"1\u00a0Minute\" \/>\n<script type=\"application\/ld+json\" class=\"yoast-schema-graph\">{\"@context\":\"https:\/\/schema.org\",\"@graph\":[{\"@type\":\"WebSite\",\"@id\":\"https:\/\/menti-glt.com\/de\/#website\",\"url\":\"https:\/\/menti-glt.com\/de\/\",\"name\":\"Mirella Menti\",\"description\":\"Level up global teams ans leaders\",\"potentialAction\":[{\"@type\":\"SearchAction\",\"target\":{\"@type\":\"EntryPoint\",\"urlTemplate\":\"https:\/\/menti-glt.com\/de\/?s={search_term_string}\"},\"query-input\":\"required name=search_term_string\"}],\"inLanguage\":\"de\"},{\"@type\":\"WebPage\",\"@id\":\"https:\/\/menti-glt.com\/de\/level-up-global-teams-and-leaders\/#webpage\",\"url\":\"https:\/\/menti-glt.com\/de\/level-up-global-teams-and-leaders\/\",\"name\":\"Level up Global Teams and Leaders - Mirella Menti\",\"isPartOf\":{\"@id\":\"https:\/\/menti-glt.com\/de\/#website\"},\"datePublished\":\"2021-05-28T08:08:00+00:00\",\"dateModified\":\"2021-07-19T09:56:50+00:00\",\"description\":\"Effective and successful collaboration in an international context always starts with awareness for the organisational culture, values and purpose.\",\"breadcrumb\":{\"@id\":\"https:\/\/menti-glt.com\/de\/level-up-global-teams-and-leaders\/#breadcrumb\"},\"inLanguage\":\"de\",\"potentialAction\":[{\"@type\":\"ReadAction\",\"target\":[\"https:\/\/menti-glt.com\/de\/level-up-global-teams-and-leaders\/\"]}]},{\"@type\":\"BreadcrumbList\",\"@id\":\"https:\/\/menti-glt.com\/de\/level-up-global-teams-and-leaders\/#breadcrumb\",\"itemListElement\":[{\"@type\":\"ListItem\",\"position\":1,\"name\":\"Home\",\"item\":\"https:\/\/menti-glt.com\/de\/\"},{\"@type\":\"ListItem\",\"position\":2,\"name\":\"Level up Global Teams and Leaders\"}]}]}<\/script>\n<!-- \/ Yoast SEO plugin. -->","yoast_head_json":{"title":"Level up Global Teams and Leaders - Mirella Menti","description":"Effective and successful collaboration in an international context always starts with awareness for the organisational culture, values and purpose.","robots":{"index":"noindex","follow":"follow","max-snippet":"max-snippet:-1","max-image-preview":"max-image-preview:large","max-video-preview":"max-video-preview:-1"},"og_locale":"de_DE","og_type":"article","og_title":"Level up Global Teams and Leaders - Mirella Menti","og_description":"Effective and successful collaboration in an international context always starts with awareness for the organisational culture, values and purpose.","og_url":"https:\/\/menti-glt.com\/de\/level-up-global-teams-and-leaders\/","og_site_name":"Mirella Menti","article_modified_time":"2021-07-19T09:56:50+00:00","twitter_card":"summary_large_image","twitter_misc":{"Gesch\u00e4tzte Lesezeit":"1\u00a0Minute"},"schema":{"@context":"https:\/\/schema.org","@graph":[{"@type":"WebSite","@id":"https:\/\/menti-glt.com\/de\/#website","url":"https:\/\/menti-glt.com\/de\/","name":"Mirella Menti","description":"Level up global teams ans leaders","potentialAction":[{"@type":"SearchAction","target":{"@type":"EntryPoint","urlTemplate":"https:\/\/menti-glt.com\/de\/?s={search_term_string}"},"query-input":"required name=search_term_string"}],"inLanguage":"de"},{"@type":"WebPage","@id":"https:\/\/menti-glt.com\/de\/level-up-global-teams-and-leaders\/#webpage","url":"https:\/\/menti-glt.com\/de\/level-up-global-teams-and-leaders\/","name":"Level up Global Teams and Leaders - Mirella Menti","isPartOf":{"@id":"https:\/\/menti-glt.com\/de\/#website"},"datePublished":"2021-05-28T08:08:00+00:00","dateModified":"2021-07-19T09:56:50+00:00","description":"Effective and successful collaboration in an international context always starts with awareness for the organisational culture, values and purpose.","breadcrumb":{"@id":"https:\/\/menti-glt.com\/de\/level-up-global-teams-and-leaders\/#breadcrumb"},"inLanguage":"de","potentialAction":[{"@type":"ReadAction","target":["https:\/\/menti-glt.com\/de\/level-up-global-teams-and-leaders\/"]}]},{"@type":"BreadcrumbList","@id":"https:\/\/menti-glt.com\/de\/level-up-global-teams-and-leaders\/#breadcrumb","itemListElement":[{"@type":"ListItem","position":1,"name":"Home","item":"https:\/\/menti-glt.com\/de\/"},{"@type":"ListItem","position":2,"name":"Level up Global Teams and Leaders"}]}]}},"_links":{"self":[{"href":"https:\/\/menti-glt.com\/de\/wp-json\/wp\/v2\/pages\/1119"}],"collection":[{"href":"https:\/\/menti-glt.com\/de\/wp-json\/wp\/v2\/pages"}],"about":[{"href":"https:\/\/menti-glt.com\/de\/wp-json\/wp\/v2\/types\/page"}],"author":[{"embeddable":true,"href":"https:\/\/menti-glt.com\/de\/wp-json\/wp\/v2\/users\/1"}],"replies":[{"embeddable":true,"href":"https:\/\/menti-glt.com\/de\/wp-json\/wp\/v2\/comments?post=1119"}],"version-history":[{"count":5,"href":"https:\/\/menti-glt.com\/de\/wp-json\/wp\/v2\/pages\/1119\/revisions"}],"predecessor-version":[{"id":1185,"href":"https:\/\/menti-glt.com\/de\/wp-json\/wp\/v2\/pages\/1119\/revisions\/1185"}],"wp:attachment":[{"href":"https:\/\/menti-glt.com\/de\/wp-json\/wp\/v2\/media?parent=1119"}],"curies":[{"name":"wp","href":"https:\/\/api.w.org\/{rel}","templated":true}]}}