{"id":1116,"date":"2021-05-28T10:07:10","date_gmt":"2021-05-28T08:07:10","guid":{"rendered":"http:\/\/2020.designmadeinfrankfurt.de\/enabler-and-sparring-partner\/"},"modified":"2021-07-15T15:22:15","modified_gmt":"2021-07-15T13:22:15","slug":"enabler-and-sparring-partner","status":"publish","type":"page","link":"https:\/\/menti-glt.com\/de\/enabler-and-sparring-partner\/","title":{"rendered":"Enabler and Sparring Partner"},"content":{"rendered":"<p>[vc_row][vc_column][vc_column_text]<\/p>\n<h1>Enabler and Sparring Partner<\/h1>\n<p>[\/vc_column_text][vc_column_text]<\/p>\n<div>\n<h2>Selbstgestaltung au\u00dferhalb der Komfortzone<\/h2>\n<\/div>\n<p>Wollen Sie als Team Leader oder High Performance Team noch wirksamer werden? Einen Mehrwert f\u00fcr die gesamte Organisation schaffen? Und mit einem zukunftsorientierten Konzept, bessere Entscheidungen treffen? Genau das ist mein Anspruch als <strong>Enabler<\/strong>. Gemeinsam schaffen wir die n\u00f6tige Awareness und kl\u00e4ren, wo Sie und Ihr Team momentan stehen. Wir decken auf, welche F\u00e4higkeiten bereits vorhanden sind und an welchen Stellen noch Potenziale zu entwickeln sind. Mit einem ganzheitlichen Ansatz, den richtigen Fragen, Methoden und Tools starten wir den Prozess, der Sie und Ihr Team bef\u00e4higt, die Zukunft erfolgreich zu gestalten.[\/vc_column_text][\/vc_column][\/vc_row][vc_row][vc_column width=&#8220;1\/2&#8243;][vc_column_text]<strong>Mit mir als Enabler: <\/strong><\/p>\n<ul>\n<li>schaffen Sie Awareness<\/li>\n<li>erkennen Sie bisher unentdeckte Potenziale<\/li>\n<li>sind Sie wirksamer und treffen bessere Entscheidungen<\/li>\n<li>steuert das Team in die richtige Richtung<\/li>\n<li>sind Sie bef\u00e4higt, Ihre Zukunft selbst zu gestalten<\/li>\n<\/ul>\n<p>[\/vc_column_text][\/vc_column][vc_column width=&#8220;1\/2&#8243;][vc_single_image image=&#8220;1034&#8243; img_size=&#8220;large&#8220; alignment=&#8220;right&#8220;][\/vc_column][\/vc_row][vc_row][vc_column][vc_column_text]Als <strong>Sparringpartnerin<\/strong>\u00a0unterst\u00fctze ich Sie dabei, Klarheit \u00fcber Ihre Rolle zu gewinnen. Im Dialog erm\u00f6gliche ich Ihnen, die Perspektive zu wechseln und aus der Komfortzone herauszutreten. Sie gewinnen freie Sicht und finden einen roten Faden. Respektvoll, strukturiert und herausfordernd werden Sie mich als Ihre\u00a0<strong>Sparringspartnerin<\/strong>\u00a0erleben, die unterst\u00fctzt und wenn n\u00f6tig auch einmal anschiebt, damit Sie Ihr Potenzial voll aussch\u00f6pfen. Im Fokus steht dabei f\u00fcr mich immer der Mensch, mit seinen individuellen Herausforderungen, die wir gemeinsam anpacken.[\/vc_column_text][\/vc_column][\/vc_row][vc_row][vc_column width=&#8220;1\/2&#8243;][vc_single_image image=&#8220;1044&#8243; img_size=&#8220;large&#8220;][\/vc_column][vc_column width=&#8220;1\/2&#8243;][vc_column_text]<strong>Mit mir als Sparringspartnerin:<\/strong><\/p>\n<ul>\n<li>bekommen Sie Klarheit<\/li>\n<li>erlangen Sie eine neue Perspektive<\/li>\n<li>machen Sie den Schritt aus der Komfortzone<\/li>\n<li>leiten Sie die n\u00f6tige Transformation in die Wege<\/li>\n<li>werden Sie zum Chancendenker, der sich vorw\u00e4rts orientiert<\/li>\n<\/ul>\n<p>[\/vc_column_text][\/vc_column][\/vc_row]<\/p>\n","protected":false},"excerpt":{"rendered":"<p>[vc_row][vc_column][vc_column_text] Enabler and Sparring Partner [\/vc_column_text][vc_column_text] Selbstgestaltung au\u00dferhalb der Komfortzone Wollen Sie als Team Leader oder High Performance Team noch wirksamer werden? Einen Mehrwert f\u00fcr die gesamte Organisation schaffen? Und mit einem zukunftsorientierten Konzept, bessere Entscheidungen treffen? Genau das ist mein Anspruch als Enabler. Gemeinsam schaffen wir die n\u00f6tige Awareness und kl\u00e4ren, wo Sie und&hellip;<\/p>\n","protected":false},"author":1,"featured_media":0,"parent":0,"menu_order":0,"comment_status":"closed","ping_status":"closed","template":"","meta":[],"yoast_head":"<!-- This site is optimized with the Yoast SEO plugin v16.7 - https:\/\/yoast.com\/wordpress\/plugins\/seo\/ -->\n<title>Enabler and Sparring Partner - Mirella Menti<\/title>\n<meta name=\"description\" content=\"Enabler Sparring Partner - Together, we create the awareness and clarify\/define where you and the team are right now in your development journey\" \/>\n<meta name=\"robots\" content=\"noindex, follow, max-snippet:-1, max-image-preview:large, max-video-preview:-1\" \/>\n<meta property=\"og:locale\" content=\"de_DE\" \/>\n<meta property=\"og:type\" content=\"article\" \/>\n<meta property=\"og:title\" content=\"Enabler and Sparring Partner - Mirella Menti\" \/>\n<meta property=\"og:description\" content=\"Enabler Sparring Partner - Together, we create the awareness and clarify\/define where you and the team are right now in your development journey\" \/>\n<meta property=\"og:url\" content=\"https:\/\/menti-glt.com\/de\/enabler-and-sparring-partner\/\" \/>\n<meta property=\"og:site_name\" content=\"Mirella Menti\" \/>\n<meta property=\"article:modified_time\" content=\"2021-07-15T13:22:15+00:00\" \/>\n<meta name=\"twitter:card\" content=\"summary_large_image\" \/>\n<meta name=\"twitter:label1\" content=\"Gesch\u00e4tzte Lesezeit\" \/>\n\t<meta name=\"twitter:data1\" content=\"2\u00a0Minuten\" \/>\n<script type=\"application\/ld+json\" class=\"yoast-schema-graph\">{\"@context\":\"https:\/\/schema.org\",\"@graph\":[{\"@type\":\"WebSite\",\"@id\":\"https:\/\/menti-glt.com\/de\/#website\",\"url\":\"https:\/\/menti-glt.com\/de\/\",\"name\":\"Mirella Menti\",\"description\":\"Level up global teams ans leaders\",\"potentialAction\":[{\"@type\":\"SearchAction\",\"target\":{\"@type\":\"EntryPoint\",\"urlTemplate\":\"https:\/\/menti-glt.com\/de\/?s={search_term_string}\"},\"query-input\":\"required name=search_term_string\"}],\"inLanguage\":\"de\"},{\"@type\":\"WebPage\",\"@id\":\"https:\/\/menti-glt.com\/de\/enabler-and-sparring-partner\/#webpage\",\"url\":\"https:\/\/menti-glt.com\/de\/enabler-and-sparring-partner\/\",\"name\":\"Enabler and Sparring Partner - Mirella Menti\",\"isPartOf\":{\"@id\":\"https:\/\/menti-glt.com\/de\/#website\"},\"datePublished\":\"2021-05-28T08:07:10+00:00\",\"dateModified\":\"2021-07-15T13:22:15+00:00\",\"description\":\"Enabler Sparring Partner - Together, we create the awareness and clarify\/define where you and the team are right now in your development journey\",\"breadcrumb\":{\"@id\":\"https:\/\/menti-glt.com\/de\/enabler-and-sparring-partner\/#breadcrumb\"},\"inLanguage\":\"de\",\"potentialAction\":[{\"@type\":\"ReadAction\",\"target\":[\"https:\/\/menti-glt.com\/de\/enabler-and-sparring-partner\/\"]}]},{\"@type\":\"BreadcrumbList\",\"@id\":\"https:\/\/menti-glt.com\/de\/enabler-and-sparring-partner\/#breadcrumb\",\"itemListElement\":[{\"@type\":\"ListItem\",\"position\":1,\"name\":\"Home\",\"item\":\"https:\/\/menti-glt.com\/de\/\"},{\"@type\":\"ListItem\",\"position\":2,\"name\":\"Enabler and Sparring Partner\"}]}]}<\/script>\n<!-- \/ Yoast SEO plugin. -->","yoast_head_json":{"title":"Enabler and Sparring Partner - Mirella Menti","description":"Enabler Sparring Partner - Together, we create the awareness and clarify\/define where you and the team are right now in your development journey","robots":{"index":"noindex","follow":"follow","max-snippet":"max-snippet:-1","max-image-preview":"max-image-preview:large","max-video-preview":"max-video-preview:-1"},"og_locale":"de_DE","og_type":"article","og_title":"Enabler and Sparring Partner - Mirella Menti","og_description":"Enabler Sparring Partner - Together, we create the awareness and clarify\/define where you and the team are right now in your development journey","og_url":"https:\/\/menti-glt.com\/de\/enabler-and-sparring-partner\/","og_site_name":"Mirella Menti","article_modified_time":"2021-07-15T13:22:15+00:00","twitter_card":"summary_large_image","twitter_misc":{"Gesch\u00e4tzte Lesezeit":"2\u00a0Minuten"},"schema":{"@context":"https:\/\/schema.org","@graph":[{"@type":"WebSite","@id":"https:\/\/menti-glt.com\/de\/#website","url":"https:\/\/menti-glt.com\/de\/","name":"Mirella Menti","description":"Level up global teams ans leaders","potentialAction":[{"@type":"SearchAction","target":{"@type":"EntryPoint","urlTemplate":"https:\/\/menti-glt.com\/de\/?s={search_term_string}"},"query-input":"required name=search_term_string"}],"inLanguage":"de"},{"@type":"WebPage","@id":"https:\/\/menti-glt.com\/de\/enabler-and-sparring-partner\/#webpage","url":"https:\/\/menti-glt.com\/de\/enabler-and-sparring-partner\/","name":"Enabler and Sparring Partner - Mirella Menti","isPartOf":{"@id":"https:\/\/menti-glt.com\/de\/#website"},"datePublished":"2021-05-28T08:07:10+00:00","dateModified":"2021-07-15T13:22:15+00:00","description":"Enabler Sparring Partner - Together, we create the awareness and clarify\/define where you and the team are right now in your development journey","breadcrumb":{"@id":"https:\/\/menti-glt.com\/de\/enabler-and-sparring-partner\/#breadcrumb"},"inLanguage":"de","potentialAction":[{"@type":"ReadAction","target":["https:\/\/menti-glt.com\/de\/enabler-and-sparring-partner\/"]}]},{"@type":"BreadcrumbList","@id":"https:\/\/menti-glt.com\/de\/enabler-and-sparring-partner\/#breadcrumb","itemListElement":[{"@type":"ListItem","position":1,"name":"Home","item":"https:\/\/menti-glt.com\/de\/"},{"@type":"ListItem","position":2,"name":"Enabler and Sparring Partner"}]}]}},"_links":{"self":[{"href":"https:\/\/menti-glt.com\/de\/wp-json\/wp\/v2\/pages\/1116"}],"collection":[{"href":"https:\/\/menti-glt.com\/de\/wp-json\/wp\/v2\/pages"}],"about":[{"href":"https:\/\/menti-glt.com\/de\/wp-json\/wp\/v2\/types\/page"}],"author":[{"embeddable":true,"href":"https:\/\/menti-glt.com\/de\/wp-json\/wp\/v2\/users\/1"}],"replies":[{"embeddable":true,"href":"https:\/\/menti-glt.com\/de\/wp-json\/wp\/v2\/comments?post=1116"}],"version-history":[{"count":2,"href":"https:\/\/menti-glt.com\/de\/wp-json\/wp\/v2\/pages\/1116\/revisions"}],"predecessor-version":[{"id":1118,"href":"https:\/\/menti-glt.com\/de\/wp-json\/wp\/v2\/pages\/1116\/revisions\/1118"}],"wp:attachment":[{"href":"https:\/\/menti-glt.com\/de\/wp-json\/wp\/v2\/media?parent=1116"}],"curies":[{"name":"wp","href":"https:\/\/api.w.org\/{rel}","templated":true}]}}