{"id":1113,"date":"2021-05-28T10:06:17","date_gmt":"2021-05-28T08:06:17","guid":{"rendered":"http:\/\/2020.designmadeinfrankfurt.de\/about-me-mirella-menti\/"},"modified":"2021-07-22T20:29:28","modified_gmt":"2021-07-22T18:29:28","slug":"about-me-mirella-menti","status":"publish","type":"page","link":"https:\/\/menti-glt.com\/de\/about-me-mirella-menti\/","title":{"rendered":"Mirella Menti: \u201cMy great passion is transformation&#8230;"},"content":{"rendered":"<p>[vc_row][vc_column]<blockquote class=\"text-normal fadeIn animate-element shortcode-blockquote\"><p>\u201eMeine gro\u00dfe Leidenschaft ist die Transformation. Immer in Bewegung sein, mich st\u00e4ndig weiterzuentwickeln und die Zukunft nachhaltig zu gestalten.\u201c<\/p>\n<\/blockquote>[vc_column_text]Nach vielen Jahren verschiedener T\u00e4tigkeiten im Bereich der Umwelttechnik entschied ich mich f\u00fcr ein Studium zum Ingenieur mit den Schwerpunkten Verfahrens- und Chemietechnik. Ich arbeitete in kleinen bis international t\u00e4tigen Unternehmen, von Produktentwicklung bis Projektmanagement und baute so meine Expertise und Erfahrung \u00fcber die Jahre weiter auf und aus.<\/p>\n<p>Insbesondere die Leitung internationaler und cross-funktionaler Teams war f\u00fcr mich eine gro\u00dfe Bereicherung, zeigte mir aber gleichzeitig auch, dass hier einige Herausforderungen lauern. Meine Leidenschaft mich auf dem Gebiet von Teamdynamik, Teamentwicklung und kulturelles Zusammenwirken weiterzuentwickeln war geweckt. Um in diesem Bereich weitere internationale Erfahrungen zu sammeln, absolvierte ich meinen MBA in Australien. Ich wollte die Kultur und die Menschen vor Ort wirklich erleben und erfahren, wie die Themen Leadership, Team- und Organisationsentwicklung dort gestaltet werden.<\/p>\n<p>Als anschlie\u00dfend die Option kam in die USA zu gehen, nutzte ich diese und habe dort habe mein eigenes Unternehmen aufgebaut und meine Expertise in Sachen Leadership- und Teamentwicklung verfeinert. Da ich selbst erlebt habe was Unternehmen brauchen, um die Zukunft erfolgreich zu gestalten, basiert meine Arbeit sowohl auf der Praxis und als auch der Theorie.<\/p>\n<p>Ich begleite Organisationen, Leader und Teams in ihrer Transformation und bef\u00e4hige sie, ihre individuellen St\u00e4rken zu erkennen und sich als Ganzes weiterzuentwickeln. Meine Vision ist mit Neugierde und Offenheit, Struktur und Flexibilit\u00e4t, Energie und Ruhe, Innovation und Kreativit\u00e4t, Freude und Spa\u00df, gemeinsam und nachhaltig die Zukunft zu gestalten. Ich freue mich darauf, Sie, Ihr Team und Ihre Organisation als Enabler und Sparringspartner auf dem Weg zu pers\u00f6nlichem Wachstum und au\u00dfergew\u00f6hnlicher F\u00fchrung zu unterst\u00fctzen.[\/vc_column_text][vc_row_inner css=&#8220;.vc_custom_1623923794361{margin-top: 40px !important;}&#8220;][vc_column_inner width=&#8220;1\/2&#8243;][vc_single_image image=&#8220;893&#8243; img_size=&#8220;large&#8220; css_animation=&#8220;fadeIn&#8220;][\/vc_column_inner][vc_column_inner width=&#8220;1\/2&#8243;][vc_column_text]<\/p>\n<h2>Pers\u00f6nliches<\/h2>\n<p>Durch meine italienischen Wurzeln entwickelte ich bereits von klein auf eine kulturelle Kompetenz. Ich erlebte hautnah, was es bedeutet, wenn Menschen unterschiedlichster Herkunft aufeinandertreffen. Ein respektvoller, offener Umgang miteinander und die Wertsch\u00e4tzung f\u00fcr andere Perspektiven sind so zu wichtigen Werten in meinem Leben geworden.<\/p>\n<p>Heute lebe ich gemeinsam mit meinem Mann und unserer Katze in Frankfurt, eine Stadt, deren internationales Flair perfekt zu uns passt. In der Freizeit genie\u00dfe ich es auf Reisen zu gehen, neue Kulturen und deren Vielfalt zu ergr\u00fcnden oder mich sportlich beim Golf und Skifahren fit zu halten.[\/vc_column_text][\/vc_column_inner][\/vc_row_inner][vc_tta_accordion style=&#8220;flat&#8220; gap=&#8220;20&#8243; c_icon=&#8220;chevron&#8220; c_position=&#8220;right&#8220; active_section=&#8220;1&#8243; css_animation=&#8220;fadeIn&#8220; no_fill=&#8220;true&#8220; el_id=&#8220;vita&#8220;][vc_tta_section title=&#8220;Expertise&#8220; tab_id=&#8220;1624436254053-00cd2bdc-3fd0&#8243;][vc_column_text]<\/p>\n<h3>Coach and Trainer for International and Local Profit and Non-profit Organizations<\/h3>\n<ul>\n<li>Leadership and Team Development<\/li>\n<li>Change Management<\/li>\n<li>Strategy<\/li>\n<li>Cross-Cultural and Cross-Functional Collaboration<\/li>\n<li>Communication and Conflict Management<\/li>\n<li>Team Coaching<\/li>\n<\/ul>\n<h3>Project Leader for International Projects<\/h3>\n<ul>\n<li>Product Development<\/li>\n<li>Project Management<\/li>\n<li>Program Management<\/li>\n<li>Innovation Management<\/li>\n<\/ul>\n<p>[\/vc_column_text][\/vc_tta_section][vc_tta_section title=&#8220;Ausbildung&#8220; tab_id=&#8220;1624436254078-dcb08b71-3d6e&#8220;][vc_column_text]<strong>2021<\/strong> Team Coach Practitioner, <em>Global Team Coaching Institute<\/em><\/p>\n<p><strong>2018<\/strong> International Systemic Team Coach, <em>Academy of Executive Coaching, UK<\/em><\/p>\n<p><strong>2017<\/strong> Executive Coach Practitioner Diploma, <em>Academy of Executive Coaching, UK, ACSTH accreditation<\/em><\/p>\n<p><strong>2013<\/strong> NLP Master Practitioner, <em>NLP World, UK<\/em><\/p>\n<p><strong>2012<\/strong> Master of Business Administration (MBA), <em>University of the Sunshine Cost, Sippy Downs QLD, Australia<\/em><\/p>\n<p><strong>2013\u00a0<\/strong>NLP Master Practitioner\u00a0<em>NLP World, UK<\/em>[\/vc_column_text][\/vc_tta_section][vc_tta_section title=&#8220;Weitere Qualifikationen&#8220; tab_id=&#8220;1626978419114-832ac002-fa1c&#8220;][vc_column_text]<strong>2020\u00a0<\/strong>Objectives &amp; Key Results (OKR)\u00a0<em>die.agilen, Germany<\/em><\/p>\n<p><strong>2018\u00a0<\/strong>Lego\u00ae Serious Play\u00ae\u00a0<em>Strategic Play\u00ae, Germany<\/em><\/p>\n<p><strong>2016\u00a0<\/strong>Intercultural Development Inventory Administrator\u00a0<em>IDI LLC, Canada<\/em>[\/vc_column_text][\/vc_tta_section][vc_tta_section title=&#8220;Wichtige berufliche Stationen&#8220; tab_id=&#8220;1624436517246-1203df57-ff99&#8243;][vc_column_text]<strong>Since 2017\u00a0<\/strong>Menti \u2013 GLT, Frankfurt am Main, Germany\u00a0<em>Business Owner, Coach &amp; Trainer<\/em><\/p>\n<p><strong>2012 \u2013 2017\u00a0<\/strong>Menti Global, LLC, Chicago IL, USA\u00a0<em>Business Owner, Coach &amp; Trainer<\/em><\/p>\n<p><strong>2008 \u2013 2010\u00a0<\/strong>SCA Hygiene &amp; Tissue, Mannheim, Germany\u00a0<em>Product &amp; Project Engineer<\/em><\/p>\n<p><strong>2008 \u2013 2010\u00a0<\/strong>Werner &amp; Mertz, Mainz, Germany\u00a0<em>Product Developer<\/em>[\/vc_column_text][\/vc_tta_section][\/vc_tta_accordion][\/vc_column][\/vc_row]<\/p>\n","protected":false},"excerpt":{"rendered":"<p>[vc_row][vc_column][vc_column_text]Nach vielen Jahren verschiedener T\u00e4tigkeiten im Bereich der Umwelttechnik entschied ich mich f\u00fcr ein Studium zum Ingenieur mit den Schwerpunkten Verfahrens- und Chemietechnik. Ich arbeitete in kleinen bis international t\u00e4tigen Unternehmen, von Produktentwicklung bis Projektmanagement und baute so meine Expertise und Erfahrung \u00fcber die Jahre weiter auf und aus. Insbesondere die Leitung internationaler und cross-funktionaler&hellip;<\/p>\n","protected":false},"author":1,"featured_media":0,"parent":0,"menu_order":0,"comment_status":"closed","ping_status":"closed","template":"","meta":[],"yoast_head":"<!-- This site is optimized with the Yoast SEO plugin v16.7 - https:\/\/yoast.com\/wordpress\/plugins\/seo\/ -->\n<title>Mirella Menti: \u201cMy great passion is transformation... - Mirella Menti<\/title>\n<meta name=\"description\" content=\"Mirella Menti: \u201cMy great passion is transformation. Keep moving, continuously developing myself, and creating a sustainable future.\u201d\" \/>\n<meta name=\"robots\" content=\"noindex, follow, max-snippet:-1, max-image-preview:large, max-video-preview:-1\" \/>\n<meta property=\"og:locale\" content=\"de_DE\" \/>\n<meta property=\"og:type\" content=\"article\" \/>\n<meta property=\"og:title\" content=\"Mirella Menti: \u201cMy great passion is transformation... - Mirella Menti\" \/>\n<meta property=\"og:description\" content=\"Mirella Menti: \u201cMy great passion is transformation. Keep moving, continuously developing myself, and creating a sustainable future.\u201d\" \/>\n<meta property=\"og:url\" content=\"https:\/\/menti-glt.com\/de\/about-me-mirella-menti\/\" \/>\n<meta property=\"og:site_name\" content=\"Mirella Menti\" \/>\n<meta property=\"article:modified_time\" content=\"2021-07-22T18:29:28+00:00\" \/>\n<meta name=\"twitter:card\" content=\"summary_large_image\" \/>\n<meta name=\"twitter:label1\" content=\"Gesch\u00e4tzte Lesezeit\" \/>\n\t<meta name=\"twitter:data1\" content=\"3\u00a0Minuten\" \/>\n<script type=\"application\/ld+json\" class=\"yoast-schema-graph\">{\"@context\":\"https:\/\/schema.org\",\"@graph\":[{\"@type\":\"WebSite\",\"@id\":\"https:\/\/menti-glt.com\/de\/#website\",\"url\":\"https:\/\/menti-glt.com\/de\/\",\"name\":\"Mirella Menti\",\"description\":\"Level up global teams ans leaders\",\"potentialAction\":[{\"@type\":\"SearchAction\",\"target\":{\"@type\":\"EntryPoint\",\"urlTemplate\":\"https:\/\/menti-glt.com\/de\/?s={search_term_string}\"},\"query-input\":\"required name=search_term_string\"}],\"inLanguage\":\"de\"},{\"@type\":\"WebPage\",\"@id\":\"https:\/\/menti-glt.com\/de\/about-me-mirella-menti\/#webpage\",\"url\":\"https:\/\/menti-glt.com\/de\/about-me-mirella-menti\/\",\"name\":\"Mirella Menti: \\u201cMy great passion is transformation... - Mirella Menti\",\"isPartOf\":{\"@id\":\"https:\/\/menti-glt.com\/de\/#website\"},\"datePublished\":\"2021-05-28T08:06:17+00:00\",\"dateModified\":\"2021-07-22T18:29:28+00:00\",\"description\":\"Mirella Menti: \\u201cMy great passion is transformation. Keep moving, continuously developing myself, and creating a sustainable future.\\u201d\",\"breadcrumb\":{\"@id\":\"https:\/\/menti-glt.com\/de\/about-me-mirella-menti\/#breadcrumb\"},\"inLanguage\":\"de\",\"potentialAction\":[{\"@type\":\"ReadAction\",\"target\":[\"https:\/\/menti-glt.com\/de\/about-me-mirella-menti\/\"]}]},{\"@type\":\"BreadcrumbList\",\"@id\":\"https:\/\/menti-glt.com\/de\/about-me-mirella-menti\/#breadcrumb\",\"itemListElement\":[{\"@type\":\"ListItem\",\"position\":1,\"name\":\"Home\",\"item\":\"https:\/\/menti-glt.com\/de\/\"},{\"@type\":\"ListItem\",\"position\":2,\"name\":\"Mirella Menti: \\u201cMy great passion is transformation&#8230;\"}]}]}<\/script>\n<!-- \/ Yoast SEO plugin. -->","yoast_head_json":{"title":"Mirella Menti: \u201cMy great passion is transformation... - Mirella Menti","description":"Mirella Menti: \u201cMy great passion is transformation. Keep moving, continuously developing myself, and creating a sustainable future.\u201d","robots":{"index":"noindex","follow":"follow","max-snippet":"max-snippet:-1","max-image-preview":"max-image-preview:large","max-video-preview":"max-video-preview:-1"},"og_locale":"de_DE","og_type":"article","og_title":"Mirella Menti: \u201cMy great passion is transformation... - Mirella Menti","og_description":"Mirella Menti: \u201cMy great passion is transformation. Keep moving, continuously developing myself, and creating a sustainable future.\u201d","og_url":"https:\/\/menti-glt.com\/de\/about-me-mirella-menti\/","og_site_name":"Mirella Menti","article_modified_time":"2021-07-22T18:29:28+00:00","twitter_card":"summary_large_image","twitter_misc":{"Gesch\u00e4tzte Lesezeit":"3\u00a0Minuten"},"schema":{"@context":"https:\/\/schema.org","@graph":[{"@type":"WebSite","@id":"https:\/\/menti-glt.com\/de\/#website","url":"https:\/\/menti-glt.com\/de\/","name":"Mirella Menti","description":"Level up global teams ans leaders","potentialAction":[{"@type":"SearchAction","target":{"@type":"EntryPoint","urlTemplate":"https:\/\/menti-glt.com\/de\/?s={search_term_string}"},"query-input":"required name=search_term_string"}],"inLanguage":"de"},{"@type":"WebPage","@id":"https:\/\/menti-glt.com\/de\/about-me-mirella-menti\/#webpage","url":"https:\/\/menti-glt.com\/de\/about-me-mirella-menti\/","name":"Mirella Menti: \u201cMy great passion is transformation... - Mirella Menti","isPartOf":{"@id":"https:\/\/menti-glt.com\/de\/#website"},"datePublished":"2021-05-28T08:06:17+00:00","dateModified":"2021-07-22T18:29:28+00:00","description":"Mirella Menti: \u201cMy great passion is transformation. Keep moving, continuously developing myself, and creating a sustainable future.\u201d","breadcrumb":{"@id":"https:\/\/menti-glt.com\/de\/about-me-mirella-menti\/#breadcrumb"},"inLanguage":"de","potentialAction":[{"@type":"ReadAction","target":["https:\/\/menti-glt.com\/de\/about-me-mirella-menti\/"]}]},{"@type":"BreadcrumbList","@id":"https:\/\/menti-glt.com\/de\/about-me-mirella-menti\/#breadcrumb","itemListElement":[{"@type":"ListItem","position":1,"name":"Home","item":"https:\/\/menti-glt.com\/de\/"},{"@type":"ListItem","position":2,"name":"Mirella Menti: \u201cMy great passion is transformation&#8230;"}]}]}},"_links":{"self":[{"href":"https:\/\/menti-glt.com\/de\/wp-json\/wp\/v2\/pages\/1113"}],"collection":[{"href":"https:\/\/menti-glt.com\/de\/wp-json\/wp\/v2\/pages"}],"about":[{"href":"https:\/\/menti-glt.com\/de\/wp-json\/wp\/v2\/types\/page"}],"author":[{"embeddable":true,"href":"https:\/\/menti-glt.com\/de\/wp-json\/wp\/v2\/users\/1"}],"replies":[{"embeddable":true,"href":"https:\/\/menti-glt.com\/de\/wp-json\/wp\/v2\/comments?post=1113"}],"version-history":[{"count":4,"href":"https:\/\/menti-glt.com\/de\/wp-json\/wp\/v2\/pages\/1113\/revisions"}],"predecessor-version":[{"id":1196,"href":"https:\/\/menti-glt.com\/de\/wp-json\/wp\/v2\/pages\/1113\/revisions\/1196"}],"wp:attachment":[{"href":"https:\/\/menti-glt.com\/de\/wp-json\/wp\/v2\/media?parent=1113"}],"curies":[{"name":"wp","href":"https:\/\/api.w.org\/{rel}","templated":true}]}}